{"id":17558,"date":"2025-07-18T14:43:15","date_gmt":"2025-07-18T14:43:15","guid":{"rendered":"https:\/\/www.montanheiros.com\/?post_type=product&#038;p=17558"},"modified":"2025-07-24T08:35:43","modified_gmt":"2025-07-24T08:35:43","slug":"cavidades-vulcanicas-acores-azores-volcanic-caves","status":"publish","type":"product","link":"https:\/\/www.montanheiros.com\/en\/product\/cavidades-vulcanicas-acores-azores-volcanic-caves\/","title":{"rendered":"Cavidades vulc\u00e2nicas dos A\u00e7ores | Azores Volcanic Caves"},"content":{"rendered":"<p>Brochura de capa mole sobre a geologia dos A\u00e7ores, forma\u00e7\u00e3o de grutas vulc\u00e2nicas\/ tipos e sobre as grutas visit\u00e1veis nos A\u00e7ores.<\/p>\n<p>Autores: M.P. Costa, J.C. Nunes, J.P. Const\u00e2ncia, P.A.V.Borges, P. Barcelos, F. Pereira, N.Farinha &#038; J.G\u00f3is.<\/p>\n","protected":false},"excerpt":{"rendered":"<p>Brochura de capa mole sobre a geologia dos A\u00e7ores, forma\u00e7\u00e3o de grutas vulc\u00e2nicas\/ tipos e sobre as grutas visit\u00e1veis nos A\u00e7ores.<\/p>\n","protected":false},"featured_media":17559,"comment_status":"open","ping_status":"closed","template":"","meta":{"jetpack_post_was_ever_published":false,"jetpack_publicize_message":"","jetpack_publicize_feature_enabled":true,"jetpack_social_post_already_shared":true,"jetpack_social_options":{"image_generator_settings":{"template":"highway","default_image_id":0,"font":"","enabled":false},"version":2}},"product_brand":[],"product_cat":[72],"product_tag":[79,473,97,486,485],"class_list":{"0":"post-17558","1":"product","2":"type-product","3":"status-publish","4":"has-post-thumbnail","6":"product_cat-livros","7":"product_tag-acores","8":"product_tag-azores","9":"product_tag-cavidades-vulcanicas","10":"product_tag-espeleologia","11":"product_tag-geologia","13":"first","14":"instock","15":"shipping-taxable","16":"purchasable","17":"product-type-simple"},"jetpack_publicize_connections":[],"jetpack_sharing_enabled":true,"_links":{"self":[{"href":"https:\/\/www.montanheiros.com\/en\/wp-json\/wp\/v2\/product\/17558","targetHints":{"allow":["GET"]}}],"collection":[{"href":"https:\/\/www.montanheiros.com\/en\/wp-json\/wp\/v2\/product"}],"about":[{"href":"https:\/\/www.montanheiros.com\/en\/wp-json\/wp\/v2\/types\/product"}],"replies":[{"embeddable":true,"href":"https:\/\/www.montanheiros.com\/en\/wp-json\/wp\/v2\/comments?post=17558"}],"wp:featuredmedia":[{"embeddable":true,"href":"https:\/\/www.montanheiros.com\/en\/wp-json\/wp\/v2\/media\/17559"}],"wp:attachment":[{"href":"https:\/\/www.montanheiros.com\/en\/wp-json\/wp\/v2\/media?parent=17558"}],"wp:term":[{"taxonomy":"product_brand","embeddable":true,"href":"https:\/\/www.montanheiros.com\/en\/wp-json\/wp\/v2\/product_brand?post=17558"},{"taxonomy":"product_cat","embeddable":true,"href":"https:\/\/www.montanheiros.com\/en\/wp-json\/wp\/v2\/product_cat?post=17558"},{"taxonomy":"product_tag","embeddable":true,"href":"https:\/\/www.montanheiros.com\/en\/wp-json\/wp\/v2\/product_tag?post=17558"}],"curies":[{"name":"wp","href":"https:\/\/api.w.org\/{rel}","templated":true}]}}