{"id":17560,"date":"2025-07-18T14:54:10","date_gmt":"2025-07-18T14:54:10","guid":{"rendered":"https:\/\/www.montanheiros.com\/?post_type=product&#038;p=17560"},"modified":"2025-11-07T18:37:43","modified_gmt":"2025-11-07T18:37:43","slug":"dos-vulcoes-acores-from-azores-volcanoes","status":"publish","type":"product","link":"https:\/\/www.montanheiros.com\/en\/product\/dos-vulcoes-acores-from-azores-volcanoes\/","title":{"rendered":"Dos vulc\u00f5es dos A\u00e7ores | From the Azores volcanoes"},"content":{"rendered":"<p>Livro de capa dura. Livro sobre a geologia e paisagens vulc\u00e2nicas dos A\u00e7ores.<\/p>\n<p>Autores: V.H. Forjaz, L.P. Ribeiro, L. M. Almeida, N. D. Pereira, J. A. Rodrigues<\/p>\n","protected":false},"excerpt":{"rendered":"<p>Livro de capa dura. Livro sobre a geologia e paisagens vulc\u00e2nicas dos A\u00e7ores.<\/p>\n","protected":false},"featured_media":17561,"comment_status":"open","ping_status":"closed","template":"","meta":{"jetpack_post_was_ever_published":false,"jetpack_publicize_message":"","jetpack_publicize_feature_enabled":true,"jetpack_social_post_already_shared":true,"jetpack_social_options":{"image_generator_settings":{"template":"highway","default_image_id":0,"font":"","enabled":false},"version":2}},"product_brand":[],"product_cat":[72],"product_tag":[79,473,485],"class_list":{"0":"post-17560","1":"product","2":"type-product","3":"status-publish","4":"has-post-thumbnail","6":"product_cat-livros","7":"product_tag-acores","8":"product_tag-azores","9":"product_tag-geologia","11":"first","12":"instock","13":"shipping-taxable","14":"purchasable","15":"product-type-simple"},"jetpack_publicize_connections":[],"jetpack_sharing_enabled":true,"_links":{"self":[{"href":"https:\/\/www.montanheiros.com\/en\/wp-json\/wp\/v2\/product\/17560","targetHints":{"allow":["GET"]}}],"collection":[{"href":"https:\/\/www.montanheiros.com\/en\/wp-json\/wp\/v2\/product"}],"about":[{"href":"https:\/\/www.montanheiros.com\/en\/wp-json\/wp\/v2\/types\/product"}],"replies":[{"embeddable":true,"href":"https:\/\/www.montanheiros.com\/en\/wp-json\/wp\/v2\/comments?post=17560"}],"wp:featuredmedia":[{"embeddable":true,"href":"https:\/\/www.montanheiros.com\/en\/wp-json\/wp\/v2\/media\/17561"}],"wp:attachment":[{"href":"https:\/\/www.montanheiros.com\/en\/wp-json\/wp\/v2\/media?parent=17560"}],"wp:term":[{"taxonomy":"product_brand","embeddable":true,"href":"https:\/\/www.montanheiros.com\/en\/wp-json\/wp\/v2\/product_brand?post=17560"},{"taxonomy":"product_cat","embeddable":true,"href":"https:\/\/www.montanheiros.com\/en\/wp-json\/wp\/v2\/product_cat?post=17560"},{"taxonomy":"product_tag","embeddable":true,"href":"https:\/\/www.montanheiros.com\/en\/wp-json\/wp\/v2\/product_tag?post=17560"}],"curies":[{"name":"wp","href":"https:\/\/api.w.org\/{rel}","templated":true}]}}