{"id":17564,"date":"2025-07-18T15:01:11","date_gmt":"2025-07-18T15:01:11","guid":{"rendered":"https:\/\/www.montanheiros.com\/?post_type=product&#038;p=17564"},"modified":"2025-11-07T08:54:42","modified_gmt":"2025-11-07T08:54:42","slug":"vulcoes-dos-acores","status":"publish","type":"product","link":"https:\/\/www.montanheiros.com\/en\/product\/vulcoes-dos-acores\/","title":{"rendered":"Os vulc\u00f5es dos A\u00e7ores"},"content":{"rendered":"<p>Guia infantil de capa mole sobre o estudo dos vulc\u00f5es dos A\u00e7ores<\/p>\n<p>Autor\/editor: Geoparque A\u00e7ores<\/p>\n","protected":false},"excerpt":{"rendered":"<p>Guia infantil de capa mole sobre o estudo dos vulc\u00f5es dos A\u00e7ores.<\/p>\n","protected":false},"featured_media":17565,"comment_status":"open","ping_status":"closed","template":"","meta":{"jetpack_post_was_ever_published":false,"jetpack_publicize_message":"","jetpack_publicize_feature_enabled":true,"jetpack_social_post_already_shared":true,"jetpack_social_options":{"image_generator_settings":{"template":"highway","default_image_id":0,"font":"","enabled":false},"version":2}},"product_brand":[],"product_cat":[72,510],"product_tag":[79,473,485,83],"class_list":{"0":"post-17564","1":"product","2":"type-product","3":"status-publish","4":"has-post-thumbnail","6":"product_cat-livros","7":"product_cat-livros-didaticos","8":"product_tag-acores","9":"product_tag-azores","10":"product_tag-geologia","11":"product_tag-guia-infantil","13":"first","14":"instock","15":"shipping-taxable","16":"purchasable","17":"product-type-simple"},"jetpack_publicize_connections":[],"jetpack_sharing_enabled":true,"_links":{"self":[{"href":"https:\/\/www.montanheiros.com\/en\/wp-json\/wp\/v2\/product\/17564","targetHints":{"allow":["GET"]}}],"collection":[{"href":"https:\/\/www.montanheiros.com\/en\/wp-json\/wp\/v2\/product"}],"about":[{"href":"https:\/\/www.montanheiros.com\/en\/wp-json\/wp\/v2\/types\/product"}],"replies":[{"embeddable":true,"href":"https:\/\/www.montanheiros.com\/en\/wp-json\/wp\/v2\/comments?post=17564"}],"wp:featuredmedia":[{"embeddable":true,"href":"https:\/\/www.montanheiros.com\/en\/wp-json\/wp\/v2\/media\/17565"}],"wp:attachment":[{"href":"https:\/\/www.montanheiros.com\/en\/wp-json\/wp\/v2\/media?parent=17564"}],"wp:term":[{"taxonomy":"product_brand","embeddable":true,"href":"https:\/\/www.montanheiros.com\/en\/wp-json\/wp\/v2\/product_brand?post=17564"},{"taxonomy":"product_cat","embeddable":true,"href":"https:\/\/www.montanheiros.com\/en\/wp-json\/wp\/v2\/product_cat?post=17564"},{"taxonomy":"product_tag","embeddable":true,"href":"https:\/\/www.montanheiros.com\/en\/wp-json\/wp\/v2\/product_tag?post=17564"}],"curies":[{"name":"wp","href":"https:\/\/api.w.org\/{rel}","templated":true}]}}