{"id":17568,"date":"2025-07-18T15:12:28","date_gmt":"2025-07-18T15:12:28","guid":{"rendered":"https:\/\/www.montanheiros.com\/?post_type=product&#038;p=17568"},"modified":"2025-08-31T13:46:28","modified_gmt":"2025-08-31T13:46:28","slug":"postais-grutas","status":"publish","type":"product","link":"https:\/\/www.montanheiros.com\/en\/product\/postais-grutas\/","title":{"rendered":"Postais"},"content":{"rendered":"<p>G\u00e9nese de Algar vulc\u00e2nica, G\u00e9nese de tubo de lava, Algar do Carv\u00e3o, Gruta das Torres.<\/p>\n<p>Autores\/Edi\u00e7\u00e3o: Amigos dos A\u00e7ores, Associa\u00e7\u00e3o Os Montanheiros, GESPEA<\/p>\n","protected":false},"excerpt":{"rendered":"<p>Postais: G\u00e9nese de Algar vulc\u00e2nica, G\u00e9nese de tubo de lava, Algar do Carv\u00e3o, Gruta das Torres.<\/p>\n","protected":false},"featured_media":17569,"comment_status":"open","ping_status":"closed","template":"","meta":{"jetpack_post_was_ever_published":false,"jetpack_publicize_message":"","jetpack_publicize_feature_enabled":true,"jetpack_social_post_already_shared":true,"jetpack_social_options":{"image_generator_settings":{"template":"highway","default_image_id":0,"font":"","enabled":false},"version":2}},"product_brand":[],"product_cat":[479],"product_tag":[490,489],"class_list":{"0":"post-17568","1":"product","2":"type-product","3":"status-publish","4":"has-post-thumbnail","6":"product_cat-merchandising","7":"product_tag-grutas","8":"product_tag-postal","10":"first","11":"instock","12":"shipping-taxable","13":"purchasable","14":"product-type-simple"},"jetpack_publicize_connections":[],"jetpack_sharing_enabled":true,"_links":{"self":[{"href":"https:\/\/www.montanheiros.com\/en\/wp-json\/wp\/v2\/product\/17568","targetHints":{"allow":["GET"]}}],"collection":[{"href":"https:\/\/www.montanheiros.com\/en\/wp-json\/wp\/v2\/product"}],"about":[{"href":"https:\/\/www.montanheiros.com\/en\/wp-json\/wp\/v2\/types\/product"}],"replies":[{"embeddable":true,"href":"https:\/\/www.montanheiros.com\/en\/wp-json\/wp\/v2\/comments?post=17568"}],"wp:featuredmedia":[{"embeddable":true,"href":"https:\/\/www.montanheiros.com\/en\/wp-json\/wp\/v2\/media\/17569"}],"wp:attachment":[{"href":"https:\/\/www.montanheiros.com\/en\/wp-json\/wp\/v2\/media?parent=17568"}],"wp:term":[{"taxonomy":"product_brand","embeddable":true,"href":"https:\/\/www.montanheiros.com\/en\/wp-json\/wp\/v2\/product_brand?post=17568"},{"taxonomy":"product_cat","embeddable":true,"href":"https:\/\/www.montanheiros.com\/en\/wp-json\/wp\/v2\/product_cat?post=17568"},{"taxonomy":"product_tag","embeddable":true,"href":"https:\/\/www.montanheiros.com\/en\/wp-json\/wp\/v2\/product_tag?post=17568"}],"curies":[{"name":"wp","href":"https:\/\/api.w.org\/{rel}","templated":true}]}}