{"id":17796,"date":"2025-10-14T20:21:25","date_gmt":"2025-10-14T20:21:25","guid":{"rendered":"https:\/\/www.montanheiros.com\/?post_type=product&#038;p=17796"},"modified":"2026-03-29T20:35:38","modified_gmt":"2026-03-29T20:35:38","slug":"capelinhos-fotobiografia-de-um-vulcao","status":"publish","type":"product","link":"https:\/\/www.montanheiros.com\/en\/product\/capelinhos-fotobiografia-de-um-vulcao\/","title":{"rendered":"Capelinhos, Fotobiografia de um Vulc\u00e3o"},"content":{"rendered":"<p>Cole\u00e7\u00f5es Fotogr\u00e1ficos: Lu\u00eds Carlos Decq Motta e Jos\u00e9 Agostinho<\/p>\n","protected":false},"excerpt":{"rendered":"<p>Cole\u00e7\u00f5es Fotogr\u00e1ficos: Lu\u00eds Carlos Decq Motta e Jos\u00e9 Agostinho<\/p>\n","protected":false},"featured_media":17797,"comment_status":"open","ping_status":"closed","template":"","meta":{"jetpack_post_was_ever_published":false,"jetpack_publicize_message":"","jetpack_publicize_feature_enabled":true,"jetpack_social_post_already_shared":true,"jetpack_social_options":{"image_generator_settings":{"template":"highway","default_image_id":0,"font":"","enabled":false},"version":2}},"product_brand":[],"product_cat":[72],"product_tag":[79,473,485,505,504],"class_list":{"0":"post-17796","1":"product","2":"type-product","3":"status-publish","4":"has-post-thumbnail","6":"product_cat-livros","7":"product_tag-acores","8":"product_tag-azores","9":"product_tag-geologia","10":"product_tag-vulcao","11":"product_tag-vulcao-dos-capelinhos","13":"first","14":"instock","15":"shipping-taxable","16":"purchasable","17":"product-type-simple"},"jetpack_publicize_connections":[],"jetpack_sharing_enabled":true,"_links":{"self":[{"href":"https:\/\/www.montanheiros.com\/en\/wp-json\/wp\/v2\/product\/17796","targetHints":{"allow":["GET"]}}],"collection":[{"href":"https:\/\/www.montanheiros.com\/en\/wp-json\/wp\/v2\/product"}],"about":[{"href":"https:\/\/www.montanheiros.com\/en\/wp-json\/wp\/v2\/types\/product"}],"replies":[{"embeddable":true,"href":"https:\/\/www.montanheiros.com\/en\/wp-json\/wp\/v2\/comments?post=17796"}],"wp:featuredmedia":[{"embeddable":true,"href":"https:\/\/www.montanheiros.com\/en\/wp-json\/wp\/v2\/media\/17797"}],"wp:attachment":[{"href":"https:\/\/www.montanheiros.com\/en\/wp-json\/wp\/v2\/media?parent=17796"}],"wp:term":[{"taxonomy":"product_brand","embeddable":true,"href":"https:\/\/www.montanheiros.com\/en\/wp-json\/wp\/v2\/product_brand?post=17796"},{"taxonomy":"product_cat","embeddable":true,"href":"https:\/\/www.montanheiros.com\/en\/wp-json\/wp\/v2\/product_cat?post=17796"},{"taxonomy":"product_tag","embeddable":true,"href":"https:\/\/www.montanheiros.com\/en\/wp-json\/wp\/v2\/product_tag?post=17796"}],"curies":[{"name":"wp","href":"https:\/\/api.w.org\/{rel}","templated":true}]}}