{"id":17820,"date":"2025-10-19T07:55:34","date_gmt":"2025-10-19T07:55:34","guid":{"rendered":"https:\/\/www.montanheiros.com\/?post_type=product&#038;p=17820"},"modified":"2025-10-19T07:57:04","modified_gmt":"2025-10-19T07:57:04","slug":"lampada-mini-vulcao","status":"publish","type":"product","link":"https:\/\/www.montanheiros.com\/en\/product\/lampada-mini-vulcao\/","title":{"rendered":"L\u00e2mpada Mini-vulc\u00e3o"},"content":{"rendered":"<p>Mini-vulc\u00e3o com liga\u00e7\u00e3o USB, com interruptor. Dimens\u00f5es de 6,50 cm x 6,50cm<\/p>\n","protected":false},"excerpt":{"rendered":"<p>Mini-vulc\u00e3o com liga\u00e7\u00e3o USB, com interruptor. Dimens\u00f5es de 6,50 cm x 6,50cm<\/p>\n","protected":false},"featured_media":17810,"comment_status":"open","ping_status":"closed","template":"","meta":{"jetpack_post_was_ever_published":false,"jetpack_publicize_message":"","jetpack_publicize_feature_enabled":true,"jetpack_social_post_already_shared":true,"jetpack_social_options":{"image_generator_settings":{"template":"highway","default_image_id":0,"font":"","enabled":false},"version":2}},"product_brand":[],"product_cat":[479],"product_tag":[509,482],"class_list":{"0":"post-17820","1":"product","2":"type-product","3":"status-publish","4":"has-post-thumbnail","6":"product_cat-merchandising","7":"product_tag-lampada","8":"product_tag-merchandising","10":"first","11":"instock","12":"shipping-taxable","13":"purchasable","14":"product-type-simple"},"jetpack_publicize_connections":[],"jetpack_sharing_enabled":true,"_links":{"self":[{"href":"https:\/\/www.montanheiros.com\/en\/wp-json\/wp\/v2\/product\/17820","targetHints":{"allow":["GET"]}}],"collection":[{"href":"https:\/\/www.montanheiros.com\/en\/wp-json\/wp\/v2\/product"}],"about":[{"href":"https:\/\/www.montanheiros.com\/en\/wp-json\/wp\/v2\/types\/product"}],"replies":[{"embeddable":true,"href":"https:\/\/www.montanheiros.com\/en\/wp-json\/wp\/v2\/comments?post=17820"}],"wp:featuredmedia":[{"embeddable":true,"href":"https:\/\/www.montanheiros.com\/en\/wp-json\/wp\/v2\/media\/17810"}],"wp:attachment":[{"href":"https:\/\/www.montanheiros.com\/en\/wp-json\/wp\/v2\/media?parent=17820"}],"wp:term":[{"taxonomy":"product_brand","embeddable":true,"href":"https:\/\/www.montanheiros.com\/en\/wp-json\/wp\/v2\/product_brand?post=17820"},{"taxonomy":"product_cat","embeddable":true,"href":"https:\/\/www.montanheiros.com\/en\/wp-json\/wp\/v2\/product_cat?post=17820"},{"taxonomy":"product_tag","embeddable":true,"href":"https:\/\/www.montanheiros.com\/en\/wp-json\/wp\/v2\/product_tag?post=17820"}],"curies":[{"name":"wp","href":"https:\/\/api.w.org\/{rel}","templated":true}]}}