{"id":17852,"date":"2025-11-07T09:07:25","date_gmt":"2025-11-07T09:07:25","guid":{"rendered":"https:\/\/www.montanheiros.com\/?post_type=product&#038;p=17852"},"modified":"2025-11-07T09:07:25","modified_gmt":"2025-11-07T09:07:25","slug":"jogo-magnetico-educativo-vulcoes","status":"publish","type":"product","link":"https:\/\/www.montanheiros.com\/en\/product\/jogo-magnetico-educativo-vulcoes\/","title":{"rendered":"Jogo magn\u00e9tico educativo vulc\u00f5es"},"content":{"rendered":"<p>Jogo magn\u00e9tico educativo vulc\u00f5es, com placa e 35 pe\u00e7as magn\u00e9ticas com livro em 19 idiomas incluindo o portugu\u00eas.<br \/>\nPara crian\u00e7as + 5 anos <\/p>\n","protected":false},"excerpt":{"rendered":"<p>Jogo magn\u00e9tico educativo vulc\u00f5es, com placa e 35 pe\u00e7as magn\u00e9ticas com livro em 19 idiomas incluindo o portugu\u00eas. Para crian\u00e7as + 5 anos<\/p>\n","protected":false},"featured_media":17853,"comment_status":"open","ping_status":"closed","template":"","meta":{"jetpack_post_was_ever_published":false,"jetpack_publicize_message":"","jetpack_publicize_feature_enabled":true,"jetpack_social_post_already_shared":true,"jetpack_social_options":{"image_generator_settings":{"template":"highway","default_image_id":0,"font":"","enabled":false},"version":2}},"product_brand":[],"product_cat":[511],"product_tag":[],"class_list":{"0":"post-17852","1":"product","2":"type-product","3":"status-publish","4":"has-post-thumbnail","6":"product_cat-jogos-didaticos","8":"first","9":"instock","10":"shipping-taxable","11":"purchasable","12":"product-type-simple"},"jetpack_publicize_connections":[],"jetpack_sharing_enabled":true,"_links":{"self":[{"href":"https:\/\/www.montanheiros.com\/en\/wp-json\/wp\/v2\/product\/17852","targetHints":{"allow":["GET"]}}],"collection":[{"href":"https:\/\/www.montanheiros.com\/en\/wp-json\/wp\/v2\/product"}],"about":[{"href":"https:\/\/www.montanheiros.com\/en\/wp-json\/wp\/v2\/types\/product"}],"replies":[{"embeddable":true,"href":"https:\/\/www.montanheiros.com\/en\/wp-json\/wp\/v2\/comments?post=17852"}],"wp:featuredmedia":[{"embeddable":true,"href":"https:\/\/www.montanheiros.com\/en\/wp-json\/wp\/v2\/media\/17853"}],"wp:attachment":[{"href":"https:\/\/www.montanheiros.com\/en\/wp-json\/wp\/v2\/media?parent=17852"}],"wp:term":[{"taxonomy":"product_brand","embeddable":true,"href":"https:\/\/www.montanheiros.com\/en\/wp-json\/wp\/v2\/product_brand?post=17852"},{"taxonomy":"product_cat","embeddable":true,"href":"https:\/\/www.montanheiros.com\/en\/wp-json\/wp\/v2\/product_cat?post=17852"},{"taxonomy":"product_tag","embeddable":true,"href":"https:\/\/www.montanheiros.com\/en\/wp-json\/wp\/v2\/product_tag?post=17852"}],"curies":[{"name":"wp","href":"https:\/\/api.w.org\/{rel}","templated":true}]}}