{"id":18288,"date":"2026-04-20T13:33:20","date_gmt":"2026-04-20T13:33:20","guid":{"rendered":"https:\/\/www.montanheiros.com\/?post_type=product&#038;p=18288"},"modified":"2026-04-20T13:37:45","modified_gmt":"2026-04-20T13:37:45","slug":"o-benjamim-no-algar-do-carvao","status":"publish","type":"product","link":"https:\/\/www.montanheiros.com\/en\/product\/o-benjamim-no-algar-do-carvao\/","title":{"rendered":"O Benjamim no Algar do Carv\u00e3o"},"content":{"rendered":"<p>Na obra &#8220;O Benjamim no Algar do Carv\u00e3o&#8221;, Benjamim e o seu amigo Tom\u00e9 partem numa aventura para descobrir os segredos que se escondem no interior de um vulc\u00e3o.<br \/>\nAo longo da visita, exploram um mundo subterr\u00e2neo cheio de formas naturais surpreendentes e animais \u00fanicos.<br \/>\nAprendem tamb\u00e9m que os vulc\u00f5es, al\u00e9m de impressionantes, trazem benef\u00edcios para quem vive nas suas proximidades.<br \/>\nUm livro que convida os mais novos a observar e descobrir a natureza.<br \/>\nLivro de capa dura. <\/p>\n","protected":false},"excerpt":{"rendered":"<p>Na obra &#8220;O Benjamim no Algar do Carv\u00e3o&#8221;, Benjamim e o seu amigo Tom\u00e9 partem numa aventura para descobrir os segredos que se escondem no interior de um vulc\u00e3o. <\/p>\n","protected":false},"featured_media":18290,"comment_status":"open","ping_status":"closed","template":"","meta":{"jetpack_post_was_ever_published":false,"jetpack_publicize_message":"","jetpack_publicize_feature_enabled":true,"jetpack_social_post_already_shared":true,"jetpack_social_options":{"image_generator_settings":{"template":"highway","default_image_id":0,"font":"","enabled":false},"version":2}},"product_brand":[],"product_cat":[510],"product_tag":[90,512],"class_list":{"0":"post-18288","1":"product","2":"type-product","3":"status-publish","4":"has-post-thumbnail","6":"product_cat-livros-didaticos","7":"product_tag-algar-do-carvao","8":"product_tag-livro-didatico","10":"first","11":"instock","12":"shipping-taxable","13":"purchasable","14":"product-type-simple"},"jetpack_publicize_connections":[],"jetpack_sharing_enabled":true,"_links":{"self":[{"href":"https:\/\/www.montanheiros.com\/en\/wp-json\/wp\/v2\/product\/18288","targetHints":{"allow":["GET"]}}],"collection":[{"href":"https:\/\/www.montanheiros.com\/en\/wp-json\/wp\/v2\/product"}],"about":[{"href":"https:\/\/www.montanheiros.com\/en\/wp-json\/wp\/v2\/types\/product"}],"replies":[{"embeddable":true,"href":"https:\/\/www.montanheiros.com\/en\/wp-json\/wp\/v2\/comments?post=18288"}],"wp:featuredmedia":[{"embeddable":true,"href":"https:\/\/www.montanheiros.com\/en\/wp-json\/wp\/v2\/media\/18290"}],"wp:attachment":[{"href":"https:\/\/www.montanheiros.com\/en\/wp-json\/wp\/v2\/media?parent=18288"}],"wp:term":[{"taxonomy":"product_brand","embeddable":true,"href":"https:\/\/www.montanheiros.com\/en\/wp-json\/wp\/v2\/product_brand?post=18288"},{"taxonomy":"product_cat","embeddable":true,"href":"https:\/\/www.montanheiros.com\/en\/wp-json\/wp\/v2\/product_cat?post=18288"},{"taxonomy":"product_tag","embeddable":true,"href":"https:\/\/www.montanheiros.com\/en\/wp-json\/wp\/v2\/product_tag?post=18288"}],"curies":[{"name":"wp","href":"https:\/\/api.w.org\/{rel}","templated":true}]}}