{"id":206,"date":"2013-08-10T09:26:37","date_gmt":"2013-08-10T09:26:37","guid":{"rendered":"http:\/\/uxthemes.wpengine.com\/?post_type=product&#038;p=319"},"modified":"2024-07-30T07:55:07","modified_gmt":"2024-07-30T07:55:07","slug":"ilhas-portugal","status":"publish","type":"product","link":"https:\/\/www.montanheiros.com\/en\/product\/ilhas-portugal\/","title":{"rendered":"Ilhas de Portugal"},"content":{"rendered":"<p><span class=\"tdata\">Ref. n.\u00ba: 85<\/span><br \/>Dimens\u00f5es: 16 cm x 28,50cm<br \/>Encardena\u00e7\u00e3o: Capa dura<br \/>Autor: Paulo Henrique Silva<br \/>Idioma: Portugu\u00eas<br \/>Edi\u00e7\u00e3o: Associa\u00e7\u00e3o Os Montanheiros<br \/>Ano: 2017<\/p>\n<p>\u00c0 venda no Centro de visitantes do Algar do Carv\u00e3o e da Gruta do Natal e Sede dos Montanheiros.<\/p>\n","protected":false},"excerpt":{"rendered":"<p>O livro resulta de uma compila\u00e7\u00e3o de fotografias das v\u00e1rias expedi\u00e7\u00f5es feitas por Paulo Silva, \u00e0s ilhas Selvages, Desertas, Madeira, A\u00e7ores e Berlengas, tendo uma componente de som para ajudar a transportar o leitor aos locais das expedi\u00e7\u00f5es. Possui como b\u00f3nus um CD \u00e1udio.<\/p>\n","protected":false},"featured_media":8023,"comment_status":"open","ping_status":"closed","template":"","meta":{"jetpack_post_was_ever_published":false,"jetpack_publicize_message":"","jetpack_publicize_feature_enabled":true,"jetpack_social_post_already_shared":false,"jetpack_social_options":{"image_generator_settings":{"template":"highway","default_image_id":0,"font":"","enabled":false},"version":2}},"product_brand":[],"product_cat":[72],"product_tag":[79,75,73,77,76,78,74],"class_list":{"0":"post-206","1":"product","2":"type-product","3":"status-publish","4":"has-post-thumbnail","6":"product_cat-livros","7":"product_tag-acores","8":"product_tag-berlengas","9":"product_tag-ilhas","10":"product_tag-ilhas-desertas","11":"product_tag-ilhas-selvagens","12":"product_tag-madeira","13":"product_tag-portugal","15":"first","16":"outofstock","17":"shipping-taxable","18":"purchasable","19":"product-type-simple"},"jetpack_publicize_connections":[],"jetpack_sharing_enabled":true,"_links":{"self":[{"href":"https:\/\/www.montanheiros.com\/en\/wp-json\/wp\/v2\/product\/206","targetHints":{"allow":["GET"]}}],"collection":[{"href":"https:\/\/www.montanheiros.com\/en\/wp-json\/wp\/v2\/product"}],"about":[{"href":"https:\/\/www.montanheiros.com\/en\/wp-json\/wp\/v2\/types\/product"}],"replies":[{"embeddable":true,"href":"https:\/\/www.montanheiros.com\/en\/wp-json\/wp\/v2\/comments?post=206"}],"wp:featuredmedia":[{"embeddable":true,"href":"https:\/\/www.montanheiros.com\/en\/wp-json\/wp\/v2\/media\/8023"}],"wp:attachment":[{"href":"https:\/\/www.montanheiros.com\/en\/wp-json\/wp\/v2\/media?parent=206"}],"wp:term":[{"taxonomy":"product_brand","embeddable":true,"href":"https:\/\/www.montanheiros.com\/en\/wp-json\/wp\/v2\/product_brand?post=206"},{"taxonomy":"product_cat","embeddable":true,"href":"https:\/\/www.montanheiros.com\/en\/wp-json\/wp\/v2\/product_cat?post=206"},{"taxonomy":"product_tag","embeddable":true,"href":"https:\/\/www.montanheiros.com\/en\/wp-json\/wp\/v2\/product_tag?post=206"}],"curies":[{"name":"wp","href":"https:\/\/api.w.org\/{rel}","templated":true}]}}