{"id":8035,"date":"2019-05-23T14:57:31","date_gmt":"2019-05-23T14:57:31","guid":{"rendered":"http:\/\/montanheiros.cecilia-designs.com\/?post_type=product&#038;p=8035"},"modified":"2025-08-06T14:03:32","modified_gmt":"2025-08-06T14:03:32","slug":"cinco-ribeiras","status":"publish","type":"product","link":"https:\/\/www.montanheiros.com\/en\/product\/cinco-ribeiras\/","title":{"rendered":"Nossa Senhora do Pilar das Cinco Ribeiras"},"content":{"rendered":"<p><span class=\"tdata\">Ref. n.\u00ba: 78<br \/><\/span>Dimens\u00f5es: 16,5cm x 24cm<br \/>Encardena\u00e7\u00e3o: Capa mole<br \/>Idioma: Portugu\u00eas<br \/>Autores: Jos\u00e9 Machado Louren\u00e7o, Jos\u00e9 Agostinho Candeias Coelho &amp; Paulo Barcelos<br \/>Edi\u00e7\u00e3o: Junta de Freguesia das Cinco Ribeiras e Associa\u00e7\u00e3o Os Montanheiros<br \/>Ano: 2013<\/p>\n<p>\u00a0<\/p>\n<p>\u00c0 venda no Centro de Visitantes do Algar do Carv\u00e3o, Gruta do Natal e Sede dos Montanheiros (desconto para s\u00f3cios na Sede dos Montanheiros).<\/p>\n","protected":false},"excerpt":{"rendered":"<p>\u00c9 um contributo para que todos, em especial os habitantes da freguesia das Cinco Ribeiras, conhe\u00e7am melhor a sua hist\u00f3ria, a sua cultura e patrim\u00f3nio.<\/p>\n","protected":false},"featured_media":8036,"comment_status":"open","ping_status":"closed","template":"","meta":{"jetpack_post_was_ever_published":false,"jetpack_publicize_message":"","jetpack_publicize_feature_enabled":true,"jetpack_social_post_already_shared":true,"jetpack_social_options":{"image_generator_settings":{"template":"highway","default_image_id":0,"font":"","enabled":false},"version":2}},"product_brand":[],"product_cat":[72],"product_tag":[79,85],"class_list":{"0":"post-8035","1":"product","2":"type-product","3":"status-publish","4":"has-post-thumbnail","6":"product_cat-livros","7":"product_tag-acores","8":"product_tag-cinco-ribeiras","10":"first","11":"instock","12":"shipping-taxable","13":"purchasable","14":"product-type-simple"},"jetpack_publicize_connections":[],"jetpack_sharing_enabled":true,"_links":{"self":[{"href":"https:\/\/www.montanheiros.com\/en\/wp-json\/wp\/v2\/product\/8035","targetHints":{"allow":["GET"]}}],"collection":[{"href":"https:\/\/www.montanheiros.com\/en\/wp-json\/wp\/v2\/product"}],"about":[{"href":"https:\/\/www.montanheiros.com\/en\/wp-json\/wp\/v2\/types\/product"}],"replies":[{"embeddable":true,"href":"https:\/\/www.montanheiros.com\/en\/wp-json\/wp\/v2\/comments?post=8035"}],"wp:featuredmedia":[{"embeddable":true,"href":"https:\/\/www.montanheiros.com\/en\/wp-json\/wp\/v2\/media\/8036"}],"wp:attachment":[{"href":"https:\/\/www.montanheiros.com\/en\/wp-json\/wp\/v2\/media?parent=8035"}],"wp:term":[{"taxonomy":"product_brand","embeddable":true,"href":"https:\/\/www.montanheiros.com\/en\/wp-json\/wp\/v2\/product_brand?post=8035"},{"taxonomy":"product_cat","embeddable":true,"href":"https:\/\/www.montanheiros.com\/en\/wp-json\/wp\/v2\/product_cat?post=8035"},{"taxonomy":"product_tag","embeddable":true,"href":"https:\/\/www.montanheiros.com\/en\/wp-json\/wp\/v2\/product_tag?post=8035"}],"curies":[{"name":"wp","href":"https:\/\/api.w.org\/{rel}","templated":true}]}}