{"id":8037,"date":"2019-05-23T15:06:18","date_gmt":"2019-05-23T15:06:18","guid":{"rendered":"http:\/\/montanheiros.cecilia-designs.com\/?post_type=product&#038;p=8037"},"modified":"2025-08-15T18:22:47","modified_gmt":"2025-08-15T18:22:47","slug":"estruturas-vulcanicas","status":"publish","type":"product","link":"https:\/\/www.montanheiros.com\/en\/product\/estruturas-vulcanicas\/","title":{"rendered":"6- Estruturas vulc\u00e2nicas \/ Volcanospeleological structures"},"content":{"rendered":"<p><span class=\"tdata\">Ref. n.\u00ba: 72<br \/><\/span>Dimens\u00f5es: 88cm x 49,50cm<br \/>Idiomas: Portugu\u00eas-Ingl\u00eas<br \/>Autores: Nuno Farinha e Fernando Correia; Jorge G\u00f3is; GESPEA; Associa\u00e7\u00e3o Os Montanheiros<br \/>Edi\u00e7\u00e3o: Gradientes &amp; Texturas<\/p>\n<p>\u00c0 venda no Centro de visitantes do Algar do Carv\u00e3o e da Gruta do Natal e Sede dos Montanheiros.<\/p>\n","protected":false},"excerpt":{"rendered":"<p>Estruturas espeleol\u00f3gicas mais comuns.<\/p>\n","protected":false},"featured_media":8038,"comment_status":"open","ping_status":"closed","template":"","meta":{"jetpack_post_was_ever_published":false,"jetpack_publicize_message":"","jetpack_publicize_feature_enabled":true,"jetpack_social_post_already_shared":true,"jetpack_social_options":{"image_generator_settings":{"template":"highway","default_image_id":0,"font":"","enabled":false},"version":2}},"product_brand":[],"product_cat":[86],"product_tag":[87],"class_list":{"0":"post-8037","1":"product","2":"type-product","3":"status-publish","4":"has-post-thumbnail","6":"product_cat-poster","7":"product_tag-estruturas-vulcanoespeleologicas","9":"first","10":"instock","11":"shipping-taxable","12":"purchasable","13":"product-type-simple"},"jetpack_publicize_connections":[],"jetpack_sharing_enabled":true,"_links":{"self":[{"href":"https:\/\/www.montanheiros.com\/en\/wp-json\/wp\/v2\/product\/8037","targetHints":{"allow":["GET"]}}],"collection":[{"href":"https:\/\/www.montanheiros.com\/en\/wp-json\/wp\/v2\/product"}],"about":[{"href":"https:\/\/www.montanheiros.com\/en\/wp-json\/wp\/v2\/types\/product"}],"replies":[{"embeddable":true,"href":"https:\/\/www.montanheiros.com\/en\/wp-json\/wp\/v2\/comments?post=8037"}],"wp:featuredmedia":[{"embeddable":true,"href":"https:\/\/www.montanheiros.com\/en\/wp-json\/wp\/v2\/media\/8038"}],"wp:attachment":[{"href":"https:\/\/www.montanheiros.com\/en\/wp-json\/wp\/v2\/media?parent=8037"}],"wp:term":[{"taxonomy":"product_brand","embeddable":true,"href":"https:\/\/www.montanheiros.com\/en\/wp-json\/wp\/v2\/product_brand?post=8037"},{"taxonomy":"product_cat","embeddable":true,"href":"https:\/\/www.montanheiros.com\/en\/wp-json\/wp\/v2\/product_cat?post=8037"},{"taxonomy":"product_tag","embeddable":true,"href":"https:\/\/www.montanheiros.com\/en\/wp-json\/wp\/v2\/product_tag?post=8037"}],"curies":[{"name":"wp","href":"https:\/\/api.w.org\/{rel}","templated":true}]}}