{"id":8060,"date":"2019-05-23T21:39:33","date_gmt":"2019-05-23T21:39:33","guid":{"rendered":"http:\/\/montanheiros.cecilia-designs.com\/?post_type=product&#038;p=8060"},"modified":"2026-02-15T22:22:23","modified_gmt":"2026-02-15T22:22:23","slug":"estimar-extincoes-ilhas-oceanicas","status":"publish","type":"product","link":"https:\/\/www.montanheiros.com\/en\/product\/estimar-extincoes-ilhas-oceanicas\/","title":{"rendered":"Estimar extin\u00e7\u00f5es em ilhas oce\u00e2nicas: artr\u00f3podes e bri\u00f3fitos \/ Predicting extintions on oceanic islands: arthropods and bryophytes"},"content":{"rendered":"<p><span class=\"tdata\">Ref. n.\u00ba: 51<br \/><\/span>Dimens\u00f5es: 24,50cm x 21cm<br \/>Encardena\u00e7\u00e3o: Capa mole<br \/>Autores: Paulo Borges &amp; Rosalina Gabriel<br \/>Idioma: Portugu\u00eas-Ingl\u00eas<br \/>Edi\u00e7\u00e3o: BesBiodiversidade; Governo dos A\u00e7ores; Centro de Investiga\u00e7\u00e3o Agr\u00e1ria; Os Montanheiros<br \/>Ano: 2009<\/p>\n<p>\u00c0 venda no Centro de visitantes do Algar do Carv\u00e3o e da Gruta do Natal e Sede dos Montanheiros.<\/p>\n","protected":false},"excerpt":{"rendered":"<p>O livro resulta de um projecto com o mesmo nome e que recebeu uma men\u00e7\u00e3o honrosa no concurso BES Biodiversidade em 2008. O projecto consiste numa amostragem consistente dos artr\u00f3podes e tamb\u00e9m dos musgos, que permitiu listar a diversidade de esp\u00e9cies nos A\u00e7ores, identificar as que est\u00e3o em risto de extin\u00e7\u00e3o, bem como as \u00e1reas que devem protegidas.<\/p>\n","protected":false},"featured_media":8061,"comment_status":"open","ping_status":"closed","template":"","meta":{"jetpack_post_was_ever_published":false,"jetpack_publicize_message":"","jetpack_publicize_feature_enabled":true,"jetpack_social_post_already_shared":true,"jetpack_social_options":{"image_generator_settings":{"template":"highway","default_image_id":0,"font":"","enabled":false},"version":2}},"product_brand":[],"product_cat":[72],"product_tag":[79,108,106,107],"class_list":{"0":"post-8060","1":"product","2":"type-product","3":"status-publish","4":"has-post-thumbnail","6":"product_cat-livros","7":"product_tag-acores","8":"product_tag-artropodes","9":"product_tag-biodiversidade","10":"product_tag-briofitos","12":"first","13":"instock","14":"shipping-taxable","15":"purchasable","16":"product-type-simple"},"jetpack_publicize_connections":[],"jetpack_sharing_enabled":true,"_links":{"self":[{"href":"https:\/\/www.montanheiros.com\/en\/wp-json\/wp\/v2\/product\/8060","targetHints":{"allow":["GET"]}}],"collection":[{"href":"https:\/\/www.montanheiros.com\/en\/wp-json\/wp\/v2\/product"}],"about":[{"href":"https:\/\/www.montanheiros.com\/en\/wp-json\/wp\/v2\/types\/product"}],"replies":[{"embeddable":true,"href":"https:\/\/www.montanheiros.com\/en\/wp-json\/wp\/v2\/comments?post=8060"}],"wp:featuredmedia":[{"embeddable":true,"href":"https:\/\/www.montanheiros.com\/en\/wp-json\/wp\/v2\/media\/8061"}],"wp:attachment":[{"href":"https:\/\/www.montanheiros.com\/en\/wp-json\/wp\/v2\/media?parent=8060"}],"wp:term":[{"taxonomy":"product_brand","embeddable":true,"href":"https:\/\/www.montanheiros.com\/en\/wp-json\/wp\/v2\/product_brand?post=8060"},{"taxonomy":"product_cat","embeddable":true,"href":"https:\/\/www.montanheiros.com\/en\/wp-json\/wp\/v2\/product_cat?post=8060"},{"taxonomy":"product_tag","embeddable":true,"href":"https:\/\/www.montanheiros.com\/en\/wp-json\/wp\/v2\/product_tag?post=8060"}],"curies":[{"name":"wp","href":"https:\/\/api.w.org\/{rel}","templated":true}]}}