{"id":8079,"date":"2019-05-23T22:13:06","date_gmt":"2019-05-23T22:13:06","guid":{"rendered":"http:\/\/montanheiros.cecilia-designs.com\/?post_type=product&#038;p=8079"},"modified":"2025-11-05T04:08:43","modified_gmt":"2025-11-05T04:08:43","slug":"vulcao-santa-barbara","status":"publish","type":"product","link":"https:\/\/www.montanheiros.com\/en\/product\/vulcao-santa-barbara\/","title":{"rendered":"Vulc\u00e3o de Santa B\u00e1rbara"},"content":{"rendered":"<p><span class=\"tdata\">Ref. n.\u00ba: 30<br \/>\n<\/span>Dimens\u00f5es: 24 x 24 cm<br \/>\nEncardena\u00e7\u00e3o: Capa dura<br \/>\nIdioma: Portugu\u00eas<br \/>\nAutor: Paulo Henrique Silva<br \/>\nEditores: Instituto A\u00e7oriano de Cultura \/ Montanheiros<br \/>\nAno: 2007<br \/>\nDescri\u00e7\u00e3o: Fotografias a preto e branco do maci\u00e7o vulc\u00e2nico de Santa B\u00e1rbara, da flora e da fauna.<\/p>\n<p>\u00c0 venda no Centro de visitantes do Algar do Carv\u00e3o e da Gruta do Natal e Sede dos Montanheiros.<\/p>\n","protected":false},"excerpt":{"rendered":"<p>Fotografias a preto e branco do maci\u00e7o vulc\u00e2nico de Santa B\u00e1rbara, da flora e da fauna.<\/p>\n","protected":false},"featured_media":8080,"comment_status":"open","ping_status":"closed","template":"","meta":{"jetpack_post_was_ever_published":false,"jetpack_publicize_message":"","jetpack_publicize_feature_enabled":true,"jetpack_social_post_already_shared":true,"jetpack_social_options":{"image_generator_settings":{"template":"highway","default_image_id":0,"font":"","enabled":false},"version":2}},"product_brand":[],"product_cat":[72],"product_tag":[79,91,113],"class_list":{"0":"post-8079","1":"product","2":"type-product","3":"status-publish","4":"has-post-thumbnail","6":"product_cat-livros","7":"product_tag-acores","8":"product_tag-ilha-terceira","9":"product_tag-vulcao-de-santa-barbara","11":"first","12":"instock","13":"shipping-taxable","14":"purchasable","15":"product-type-simple"},"jetpack_publicize_connections":[],"jetpack_sharing_enabled":true,"_links":{"self":[{"href":"https:\/\/www.montanheiros.com\/en\/wp-json\/wp\/v2\/product\/8079","targetHints":{"allow":["GET"]}}],"collection":[{"href":"https:\/\/www.montanheiros.com\/en\/wp-json\/wp\/v2\/product"}],"about":[{"href":"https:\/\/www.montanheiros.com\/en\/wp-json\/wp\/v2\/types\/product"}],"replies":[{"embeddable":true,"href":"https:\/\/www.montanheiros.com\/en\/wp-json\/wp\/v2\/comments?post=8079"}],"wp:featuredmedia":[{"embeddable":true,"href":"https:\/\/www.montanheiros.com\/en\/wp-json\/wp\/v2\/media\/8080"}],"wp:attachment":[{"href":"https:\/\/www.montanheiros.com\/en\/wp-json\/wp\/v2\/media?parent=8079"}],"wp:term":[{"taxonomy":"product_brand","embeddable":true,"href":"https:\/\/www.montanheiros.com\/en\/wp-json\/wp\/v2\/product_brand?post=8079"},{"taxonomy":"product_cat","embeddable":true,"href":"https:\/\/www.montanheiros.com\/en\/wp-json\/wp\/v2\/product_cat?post=8079"},{"taxonomy":"product_tag","embeddable":true,"href":"https:\/\/www.montanheiros.com\/en\/wp-json\/wp\/v2\/product_tag?post=8079"}],"curies":[{"name":"wp","href":"https:\/\/api.w.org\/{rel}","templated":true}]}}